{"id":2790,"date":"2022-05-10T01:45:51","date_gmt":"2022-05-10T01:45:51","guid":{"rendered":"http:\/\/emcocables.co\/?page_id=2790"},"modified":"2024-12-16T11:51:20","modified_gmt":"2024-12-16T16:51:20","slug":"linea-etica","status":"publish","type":"page","link":"http:\/\/emcocables.co\/en\/linea-etica\/","title":{"rendered":"Ethical Line"},"content":{"rendered":"\t\t<div data-elementor-type=\"wp-page\" data-elementor-id=\"2790\" class=\"elementor elementor-2790\" data-elementor-post-type=\"page\">\n\t\t\t\t\t\t<section class=\"elementor-section elementor-top-section elementor-element elementor-element-d6bc70e elementor-section-full_width elementor-section-height-default elementor-section-height-default\" data-id=\"d6bc70e\" data-element_type=\"section\" data-e-type=\"section\" data-settings=\"{&quot;background_background&quot;:&quot;classic&quot;}\">\n\t\t\t\t\t\t\t<div class=\"elementor-background-overlay\"><\/div>\n\t\t\t\t\t\t\t<div class=\"elementor-container elementor-column-gap-no\">\n\t\t\t\t\t<div class=\"elementor-column elementor-col-100 elementor-top-column elementor-element elementor-element-8637ad4\" data-id=\"8637ad4\" data-element_type=\"column\" data-e-type=\"column\">\n\t\t\t<div class=\"elementor-widget-wrap elementor-element-populated\">\n\t\t\t\t\t\t<div class=\"elementor-element elementor-element-884b84d elementor-widget elementor-widget-heading\" data-id=\"884b84d\" data-element_type=\"widget\" data-e-type=\"widget\" data-widget_type=\"heading.default\">\n\t\t\t\t<div class=\"elementor-widget-container\">\n\t\t\t\t\t<h2 class=\"elementor-heading-title elementor-size-default\">L\u00cdNEA \u00c9TICA<\/h2>\t\t\t\t<\/div>\n\t\t\t\t<\/div>\n\t\t\t\t\t<\/div>\n\t\t<\/div>\n\t\t\t\t\t<\/div>\n\t\t<\/section>\n\t\t\t\t<section class=\"elementor-section elementor-top-section elementor-element elementor-element-1ef3875 elementor-section-boxed elementor-section-height-default elementor-section-height-default\" data-id=\"1ef3875\" data-element_type=\"section\" data-e-type=\"section\">\n\t\t\t\t\t\t<div class=\"elementor-container elementor-column-gap-default\">\n\t\t\t\t\t<div class=\"elementor-column elementor-col-50 elementor-top-column elementor-element elementor-element-d2a88a4\" data-id=\"d2a88a4\" data-element_type=\"column\" data-e-type=\"column\">\n\t\t\t<div class=\"elementor-widget-wrap elementor-element-populated\">\n\t\t\t\t\t\t<div class=\"elementor-element elementor-element-2fd70d0 elementor-widget elementor-widget-image\" data-id=\"2fd70d0\" data-element_type=\"widget\" data-e-type=\"widget\" data-widget_type=\"image.default\">\n\t\t\t\t<div class=\"elementor-widget-container\">\n\t\t\t\t\t\t\t\t\t\t\t\t\t\t\t<img fetchpriority=\"high\" decoding=\"async\" width=\"1024\" height=\"557\" src=\"https:\/\/emcocables.co\/wp-content\/uploads\/2023\/08\/Linea-etica-min-1024x557.png\" class=\"attachment-large size-large wp-image-7012\" alt=\"\" srcset=\"https:\/\/emcocables.co\/wp-content\/uploads\/2023\/08\/Linea-etica-min-1024x557.png 1024w, https:\/\/emcocables.co\/wp-content\/uploads\/2023\/08\/Linea-etica-min-300x163.png 300w, https:\/\/emcocables.co\/wp-content\/uploads\/2023\/08\/Linea-etica-min-768x418.png 768w, https:\/\/emcocables.co\/wp-content\/uploads\/2023\/08\/Linea-etica-min-18x10.png 18w, https:\/\/emcocables.co\/wp-content\/uploads\/2023\/08\/Linea-etica-min.png 1071w\" sizes=\"(max-width: 1024px) 100vw, 1024px\" \/>\t\t\t\t\t\t\t\t\t\t\t\t\t\t\t<\/div>\n\t\t\t\t<\/div>\n\t\t\t\t<div class=\"elementor-element elementor-element-e45c6cb elementor-icon-list--layout-traditional elementor-list-item-link-full_width elementor-widget elementor-widget-icon-list\" data-id=\"e45c6cb\" data-element_type=\"widget\" data-e-type=\"widget\" data-widget_type=\"icon-list.default\">\n\t\t\t\t<div class=\"elementor-widget-container\">\n\t\t\t\t\t\t\t<ul class=\"elementor-icon-list-items\">\n\t\t\t\t\t\t\t<li class=\"elementor-icon-list-item\">\n\t\t\t\t\t\t\t\t\t\t\t<a href=\"mailto:lineaetica@emcocables.com.co\">\n\n\t\t\t\t\t\t\t\t\t\t\t\t<span class=\"elementor-icon-list-icon\">\n\t\t\t\t\t\t\t<i aria-hidden=\"true\" class=\"fas fa-envelope-open-text\"><\/i>\t\t\t\t\t\t<\/span>\n\t\t\t\t\t\t\t\t\t\t<span class=\"elementor-icon-list-text\">lineaetica@emcocables.co<\/span>\n\t\t\t\t\t\t\t\t\t\t\t<\/a>\n\t\t\t\t\t\t\t\t\t<\/li>\n\t\t\t\t\t\t\t\t<li class=\"elementor-icon-list-item\">\n\t\t\t\t\t\t\t\t\t\t\t<span class=\"elementor-icon-list-icon\">\n\t\t\t\t\t\t\t<i aria-hidden=\"true\" class=\"fas fa-phone-square-alt\"><\/i>\t\t\t\t\t\t<\/span>\n\t\t\t\t\t\t\t\t\t\t<span class=\"elementor-icon-list-text\">6017940359 ext. 1108<\/span>\n\t\t\t\t\t\t\t\t\t<\/li>\n\t\t\t\t\t\t\t\t<li class=\"elementor-icon-list-item\">\n\t\t\t\t\t\t\t\t\t\t\t<a href=\"https:\/\/wa.link\/xxjp5f\">\n\n\t\t\t\t\t\t\t\t\t\t\t\t<span class=\"elementor-icon-list-icon\">\n\t\t\t\t\t\t\t<i aria-hidden=\"true\" class=\"fab fa-whatsapp\"><\/i>\t\t\t\t\t\t<\/span>\n\t\t\t\t\t\t\t\t\t\t<span class=\"elementor-icon-list-text\">324 3376382<\/span>\n\t\t\t\t\t\t\t\t\t\t\t<\/a>\n\t\t\t\t\t\t\t\t\t<\/li>\n\t\t\t\t\t\t<\/ul>\n\t\t\t\t\t\t<\/div>\n\t\t\t\t<\/div>\n\t\t\t\t<div class=\"elementor-element elementor-element-df3fa4d elementor-icon-list--layout-traditional elementor-list-item-link-full_width elementor-widget elementor-widget-icon-list\" data-id=\"df3fa4d\" data-element_type=\"widget\" data-e-type=\"widget\" data-widget_type=\"icon-list.default\">\n\t\t\t\t<div class=\"elementor-widget-container\">\n\t\t\t\t\t\t\t<ul class=\"elementor-icon-list-items\">\n\t\t\t\t\t\t\t<li class=\"elementor-icon-list-item\">\n\t\t\t\t\t\t\t\t\t\t\t<a href=\"https:\/\/emcocables.co\/wp-content\/uploads\/2024\/12\/GCI-PG-001-CODIGO-DE-ETICA-Y-TRANSPARENCIA-EMPRESARIAL-EMCOCABLES-SAS-V3.pdf\" target=\"_blank\">\n\n\t\t\t\t\t\t\t\t\t\t\t\t<span class=\"elementor-icon-list-icon\">\n\t\t\t\t\t\t\t<i aria-hidden=\"true\" class=\"fas fa-check-circle\"><\/i>\t\t\t\t\t\t<\/span>\n\t\t\t\t\t\t\t\t\t\t<span class=\"elementor-icon-list-text\">Conoce nuestro c\u00f3digo de \u00e9tica y transparencia empresarial<\/span>\n\t\t\t\t\t\t\t\t\t\t\t<\/a>\n\t\t\t\t\t\t\t\t\t<\/li>\n\t\t\t\t\t\t\t\t<li class=\"elementor-icon-list-item\">\n\t\t\t\t\t\t\t\t\t\t\t<a href=\"https:\/\/emcocables.co\/wp-content\/uploads\/2023\/08\/Politica-responsabilidad-social.pdf\" target=\"_blank\">\n\n\t\t\t\t\t\t\t\t\t\t\t\t<span class=\"elementor-icon-list-icon\">\n\t\t\t\t\t\t\t<i aria-hidden=\"true\" class=\"fas fa-check-circle\"><\/i>\t\t\t\t\t\t<\/span>\n\t\t\t\t\t\t\t\t\t\t<span class=\"elementor-icon-list-text\">Lee nuestra pol\u00edtica de responsabilidad social<\/span>\n\t\t\t\t\t\t\t\t\t\t\t<\/a>\n\t\t\t\t\t\t\t\t\t<\/li>\n\t\t\t\t\t\t<\/ul>\n\t\t\t\t\t\t<\/div>\n\t\t\t\t<\/div>\n\t\t\t\t\t<\/div>\n\t\t<\/div>\n\t\t\t\t<div class=\"elementor-column elementor-col-50 elementor-top-column elementor-element elementor-element-50cb344\" data-id=\"50cb344\" data-element_type=\"column\" data-e-type=\"column\">\n\t\t\t<div class=\"elementor-widget-wrap elementor-element-populated\">\n\t\t\t\t\t\t<div class=\"elementor-element elementor-element-07585fb elementor-widget elementor-widget-text-editor\" data-id=\"07585fb\" data-element_type=\"widget\" data-e-type=\"widget\" data-widget_type=\"text-editor.default\">\n\t\t\t\t<div class=\"elementor-widget-container\">\n\t\t\t\t\t\t\t\t\t<p>EMCOCABLES pone a disposici\u00f3n de sus colaboradores, clientes, proveedores y dem\u00e1s contrapartes los canales de comunicaci\u00f3n autorizados para realizar reportes de situaciones no \u00e9ticas o que pueden afectar los intereses de la compa\u00f1\u00eda.<\/p>\t\t\t\t\t\t\t\t<\/div>\n\t\t\t\t<\/div>\n\t\t\t\t<div class=\"elementor-element elementor-element-c607094 elementor-button-align-stretch elementor-widget elementor-widget-form\" data-id=\"c607094\" data-element_type=\"widget\" data-e-type=\"widget\" data-settings=\"{&quot;step_next_label&quot;:&quot;Next&quot;,&quot;step_previous_label&quot;:&quot;Previous&quot;,&quot;button_width&quot;:&quot;100&quot;,&quot;step_type&quot;:&quot;number_text&quot;,&quot;step_icon_shape&quot;:&quot;circle&quot;}\" data-widget_type=\"form.default\">\n\t\t\t\t<div class=\"elementor-widget-container\">\n\t\t\t\t\t\t\t<form class=\"elementor-form\" method=\"post\" id=\"form_etica\" name=\"linea_etica\" aria-label=\"linea_etica\">\n\t\t\t<input type=\"hidden\" name=\"post_id\" value=\"2790\"\/>\n\t\t\t<input type=\"hidden\" name=\"form_id\" value=\"c607094\"\/>\n\t\t\t<input type=\"hidden\" name=\"referer_title\" value=\"L\u00ednea \u00c9tica\" \/>\n\n\t\t\t\t\t\t\t<input type=\"hidden\" name=\"queried_id\" value=\"2790\"\/>\n\t\t\t\n\t\t\t<div class=\"elementor-form-fields-wrapper elementor-labels-above\">\n\t\t\t\t\t\t\t\t<div class=\"elementor-field-type-radio elementor-field-group elementor-column elementor-field-group-tipo_den elementor-col-100 elementor-field-required\">\n\t\t\t\t\t\t\t\t\t\t\t\t<label for=\"form-field-tipo_den\" class=\"elementor-field-label\">\n\t\t\t\t\t\t\t\tTipo de denuncia:\t\t\t\t\t\t\t<\/label>\n\t\t\t\t\t\t<div class=\"elementor-field-subgroup  \"><span class=\"elementor-field-option\"><input type=\"radio\" value=\"\u00c9tica\" id=\"form-field-tipo_den-0\" name=\"form_fields[tipo_den]\" required=\"required\"> <label for=\"form-field-tipo_den-0\">\u00c9tica<\/label><\/span><span class=\"elementor-field-option\"><input type=\"radio\" value=\"Corrupci\u00f3n\" id=\"form-field-tipo_den-1\" name=\"form_fields[tipo_den]\" required=\"required\"> <label for=\"form-field-tipo_den-1\">Corrupci\u00f3n<\/label><\/span><span class=\"elementor-field-option\"><input type=\"radio\" value=\"Soborno\" id=\"form-field-tipo_den-2\" name=\"form_fields[tipo_den]\" required=\"required\"> <label for=\"form-field-tipo_den-2\">Soborno<\/label><\/span><span class=\"elementor-field-option\"><input type=\"radio\" value=\"Financiaci\u00f3n del terrorismo\" id=\"form-field-tipo_den-3\" name=\"form_fields[tipo_den]\" required=\"required\"> <label for=\"form-field-tipo_den-3\">Financiaci\u00f3n del terrorismo<\/label><\/span><span class=\"elementor-field-option\"><input type=\"radio\" value=\"Lavado de activos\" id=\"form-field-tipo_den-4\" name=\"form_fields[tipo_den]\" required=\"required\"> <label for=\"form-field-tipo_den-4\">Lavado de activos<\/label><\/span><span class=\"elementor-field-option\"><input type=\"radio\" value=\"Financiaci\u00f3n de la proliferaci\u00f3n de armas de destrucci\u00f3n masiva\" id=\"form-field-tipo_den-5\" name=\"form_fields[tipo_den]\" required=\"required\"> <label for=\"form-field-tipo_den-5\">Financiaci\u00f3n de la proliferaci\u00f3n de armas de destrucci\u00f3n masiva<\/label><\/span><\/div>\t\t\t\t<\/div>\n\t\t\t\t\t\t\t\t<div class=\"elementor-field-type-date elementor-field-group elementor-column elementor-field-group-fecha_den elementor-col-100 elementor-field-required\">\n\t\t\t\t\t\t\t\t\t\t\t\t<label for=\"form-field-fecha_den\" class=\"elementor-field-label\">\n\t\t\t\t\t\t\t\tFecha de la situaci\u00f3n:\t\t\t\t\t\t\t<\/label>\n\t\t\t\t\t\t\n\t\t<input type=\"date\" name=\"form_fields[fecha_den]\" id=\"form-field-fecha_den\" class=\"elementor-field elementor-size-sm  elementor-field-textual elementor-date-field\" placeholder=\"Fecha de la situaci\u00f3n:\" required=\"required\" pattern=\"[0-9]{4}-[0-9]{2}-[0-9]{2}\">\n\t\t\t\t\t\t<\/div>\n\t\t\t\t\t\t\t\t<div class=\"elementor-field-type-textarea elementor-field-group elementor-column elementor-field-group-desc_den elementor-col-100 elementor-field-required\">\n\t\t\t\t\t\t\t\t\t\t\t\t<label for=\"form-field-desc_den\" class=\"elementor-field-label\">\n\t\t\t\t\t\t\t\tDescripci\u00f3n de los hechos:\t\t\t\t\t\t\t<\/label>\n\t\t\t\t\t\t<textarea class=\"elementor-field-textual elementor-field  elementor-size-sm\" name=\"form_fields[desc_den]\" id=\"form-field-desc_den\" rows=\"4\" placeholder=\"Mensaje\" required=\"required\"><\/textarea>\t\t\t\t<\/div>\n\t\t\t\t\t\t\t\t<div class=\"elementor-field-type-recaptcha elementor-field-group elementor-column elementor-field-group-field_5ff69f1 elementor-col-100\">\n\t\t\t\t\t<div class=\"elementor-field\" id=\"form-field-field_5ff69f1\"><div class=\"elementor-g-recaptcha\" data-sitekey=\"6Ld5lswoAAAAAC0T-VwEV777KJdqxLnzt_7ol4dM\" data-type=\"v2_checkbox\" data-theme=\"light\" data-size=\"normal\"><\/div><\/div>\t\t\t\t<\/div>\n\t\t\t\t\t\t\t\t<div class=\"elementor-field-group elementor-column elementor-field-type-submit elementor-col-100 e-form__buttons\">\n\t\t\t\t\t<button class=\"elementor-button elementor-size-sm\" type=\"submit\" id=\"btn_enviar\">\n\t\t\t\t\t\t<span class=\"elementor-button-content-wrapper\">\n\t\t\t\t\t\t\t\t\t\t\t\t\t\t\t<span class=\"elementor-button-icon\">\n\t\t\t\t\t\t\t\t\t<i aria-hidden=\"true\" class=\"fas fa-envelope-open\"><\/i>\t\t\t\t\t\t\t\t\t\t\t\t\t\t\t\t\t<\/span>\n\t\t\t\t\t\t\t\t\t\t\t\t\t\t\t\t\t\t\t\t\t\t<span class=\"elementor-button-text\">Enviar<\/span>\n\t\t\t\t\t\t\t\t\t\t\t\t\t<\/span>\n\t\t\t\t\t<\/button>\n\t\t\t\t<\/div>\n\t\t\t<\/div>\n\t\t<\/form>\n\t\t\t\t\t\t<\/div>\n\t\t\t\t<\/div>\n\t\t\t\t\t<\/div>\n\t\t<\/div>\n\t\t\t\t\t<\/div>\n\t\t<\/section>\n\t\t\t\t<section class=\"elementor-section elementor-top-section elementor-element elementor-element-63cc8b4 elementor-section-boxed elementor-section-height-default elementor-section-height-default\" data-id=\"63cc8b4\" data-element_type=\"section\" data-e-type=\"section\">\n\t\t\t\t\t\t<div class=\"elementor-container elementor-column-gap-default\">\n\t\t\t\t\t<div class=\"elementor-column elementor-col-100 elementor-top-column elementor-element elementor-element-2e49162\" data-id=\"2e49162\" data-element_type=\"column\" data-e-type=\"column\">\n\t\t\t<div class=\"elementor-widget-wrap elementor-element-populated\">\n\t\t\t\t\t\t<div class=\"elementor-element elementor-element-deab230 elementor-widget elementor-widget-spacer\" data-id=\"deab230\" data-element_type=\"widget\" data-e-type=\"widget\" data-widget_type=\"spacer.default\">\n\t\t\t\t<div class=\"elementor-widget-container\">\n\t\t\t\t\t\t\t<div class=\"elementor-spacer\">\n\t\t\t<div class=\"elementor-spacer-inner\"><\/div>\n\t\t<\/div>\n\t\t\t\t\t\t<\/div>\n\t\t\t\t<\/div>\n\t\t\t\t\t<\/div>\n\t\t<\/div>\n\t\t\t\t\t<\/div>\n\t\t<\/section>\n\t\t\t\t<\/div>\n\t\t","protected":false},"excerpt":{"rendered":"<p>L\u00cdNEA \u00c9TICA lineaetica@emcocables.co 6017940359 ext. 1108 324 3376382 Conoce nuestro c\u00f3digo de \u00e9tica y transparencia empresarial Lee nuestra pol\u00edtica de responsabilidad social EMCOCABLES pone a disposici\u00f3n de sus colaboradores, clientes, proveedores y dem\u00e1s contrapartes los canales de comunicaci\u00f3n autorizados para realizar reportes de situaciones no \u00e9ticas o que pueden afectar los intereses de la compa\u00f1\u00eda.<\/p>","protected":false},"author":9,"featured_media":0,"parent":0,"menu_order":0,"comment_status":"closed","ping_status":"closed","template":"elementor_header_footer","meta":{"footnotes":""},"class_list":["post-2790","page","type-page","status-publish","hentry"],"_links":{"self":[{"href":"http:\/\/emcocables.co\/en\/wp-json\/wp\/v2\/pages\/2790","targetHints":{"allow":["GET"]}}],"collection":[{"href":"http:\/\/emcocables.co\/en\/wp-json\/wp\/v2\/pages"}],"about":[{"href":"http:\/\/emcocables.co\/en\/wp-json\/wp\/v2\/types\/page"}],"author":[{"embeddable":true,"href":"http:\/\/emcocables.co\/en\/wp-json\/wp\/v2\/users\/9"}],"replies":[{"embeddable":true,"href":"http:\/\/emcocables.co\/en\/wp-json\/wp\/v2\/comments?post=2790"}],"version-history":[{"count":115,"href":"http:\/\/emcocables.co\/en\/wp-json\/wp\/v2\/pages\/2790\/revisions"}],"predecessor-version":[{"id":8530,"href":"http:\/\/emcocables.co\/en\/wp-json\/wp\/v2\/pages\/2790\/revisions\/8530"}],"wp:attachment":[{"href":"http:\/\/emcocables.co\/en\/wp-json\/wp\/v2\/media?parent=2790"}],"curies":[{"name":"wp","href":"https:\/\/api.w.org\/{rel}","templated":true}]}}