{"id":3769,"date":"2022-06-15T00:05:33","date_gmt":"2022-06-15T00:05:33","guid":{"rendered":"http:\/\/emcocables.co\/?page_id=3769"},"modified":"2023-08-15T12:10:06","modified_gmt":"2023-08-15T17:10:06","slug":"agroindustrial-2","status":"publish","type":"page","link":"https:\/\/emcocables.co\/en\/productos\/torones\/agroindustrial-2\/","title":{"rendered":"AGRO-INDUSTRIAL"},"content":{"rendered":"<div data-elementor-type=\"wp-page\" data-elementor-id=\"3769\" class=\"elementor elementor-3769\" data-elementor-post-type=\"page\">\n\t\t\t\t\t\t<section class=\"elementor-section elementor-top-section elementor-element elementor-element-1c91b82 elementor-section-full_width elementor-section-height-default elementor-section-height-default\" data-id=\"1c91b82\" data-element_type=\"section\" data-e-type=\"section\" data-settings=\"{&quot;background_background&quot;:&quot;classic&quot;}\">\n\t\t\t\t\t\t\t<div class=\"elementor-background-overlay\"><\/div>\n\t\t\t\t\t\t\t<div class=\"elementor-container elementor-column-gap-no\">\n\t\t\t\t\t<div class=\"elementor-column elementor-col-100 elementor-top-column elementor-element elementor-element-261ce2e\" data-id=\"261ce2e\" data-element_type=\"column\" data-e-type=\"column\" data-settings=\"{&quot;background_background&quot;:&quot;classic&quot;}\">\n\t\t\t<div class=\"elementor-widget-wrap elementor-element-populated\">\n\t\t\t\t\t\t<div class=\"elementor-element elementor-element-64ebeeb elementor-widget elementor-widget-heading\" data-id=\"64ebeeb\" data-element_type=\"widget\" data-e-type=\"widget\" data-widget_type=\"heading.default\">\n\t\t\t\t<div class=\"elementor-widget-container\">\n\t\t\t\t\t<h2 class=\"elementor-heading-title elementor-size-default\">AGRO-INDUSTRIAL<\/h2>\t\t\t\t<\/div>\n\t\t\t\t<\/div>\n\t\t\t\t\t<\/div>\n\t\t<\/div>\n\t\t\t\t\t<\/div>\n\t\t<\/section>\n\t\t\t\t<section class=\"elementor-section elementor-top-section elementor-element elementor-element-b7b1a12 elementor-section-boxed elementor-section-height-default elementor-section-height-default\" data-id=\"b7b1a12\" data-element_type=\"section\" data-e-type=\"section\">\n\t\t\t\t\t\t<div class=\"elementor-container elementor-column-gap-default\">\n\t\t\t\t\t<nav class=\"elementor-column elementor-col-33 elementor-top-column elementor-element elementor-element-0bc9d18\" data-id=\"0bc9d18\" data-element_type=\"column\" data-e-type=\"column\" data-settings=\"{&quot;background_background&quot;:&quot;classic&quot;,&quot;background_motion_fx_motion_fx_mouse&quot;:&quot;yes&quot;}\">\n\t\t\t<div class=\"elementor-widget-wrap elementor-element-populated\">\n\t\t\t\t\t\t<div class=\"elementor-element elementor-element-7038479 elementor-widget elementor-widget-heading\" data-id=\"7038479\" data-element_type=\"widget\" data-e-type=\"widget\" data-widget_type=\"heading.default\">\n\t\t\t\t<div class=\"elementor-widget-container\">\n\t\t\t\t\t<h6 class=\"elementor-heading-title elementor-size-default\"><a href=\"https:\/\/emcocables.co\/en\/productos\/torones\/infraestructura-y-construccion\/\">Civil Infrastructure\n<\/a><\/h6>\t\t\t\t<\/div>\n\t\t\t\t<\/div>\n\t\t\t\t\t<\/div>\n\t\t<\/nav>\n\t\t\t\t<nav class=\"elementor-column elementor-col-33 elementor-top-column elementor-element elementor-element-05663ef\" data-id=\"05663ef\" data-element_type=\"column\" data-e-type=\"column\" data-settings=\"{&quot;background_background&quot;:&quot;classic&quot;,&quot;background_motion_fx_motion_fx_mouse&quot;:&quot;yes&quot;}\">\n\t\t\t<div class=\"elementor-widget-wrap elementor-element-populated\">\n\t\t\t\t\t\t<div class=\"elementor-element elementor-element-034ccae elementor-widget elementor-widget-heading\" data-id=\"034ccae\" data-element_type=\"widget\" data-e-type=\"widget\" data-widget_type=\"heading.default\">\n\t\t\t\t<div class=\"elementor-widget-container\">\n\t\t\t\t\t<h6 class=\"elementor-heading-title elementor-size-default\"><a href=\"https:\/\/emcocables.co\/en\/productos\/torones\/electrico-y-telecomunicaciones\/%20\/\">Electrical and Communications\n<\/a><\/h6>\t\t\t\t<\/div>\n\t\t\t\t<\/div>\n\t\t\t\t\t<\/div>\n\t\t<\/nav>\n\t\t\t\t<nav class=\"elementor-column elementor-col-33 elementor-top-column elementor-element elementor-element-ab03f35\" data-id=\"ab03f35\" data-element_type=\"column\" data-e-type=\"column\" data-settings=\"{&quot;background_background&quot;:&quot;classic&quot;,&quot;background_motion_fx_motion_fx_mouse&quot;:&quot;yes&quot;}\">\n\t\t\t<div class=\"elementor-widget-wrap elementor-element-populated\">\n\t\t\t\t\t\t<div class=\"elementor-element elementor-element-9cccb06 elementor-widget elementor-widget-heading\" data-id=\"9cccb06\" data-element_type=\"widget\" data-e-type=\"widget\" data-widget_type=\"heading.default\">\n\t\t\t\t<div class=\"elementor-widget-container\">\n\t\t\t\t\t<h6 class=\"elementor-heading-title elementor-size-default\">Agro-Industrial\n<\/h6>\t\t\t\t<\/div>\n\t\t\t\t<\/div>\n\t\t\t\t\t<\/div>\n\t\t<\/nav>\n\t\t\t\t\t<\/div>\n\t\t<\/section>\n\t\t\t\t<section class=\"elementor-section elementor-top-section elementor-element elementor-element-69ae029 elementor-section-boxed elementor-section-height-default elementor-section-height-default\" data-id=\"69ae029\" data-element_type=\"section\" data-e-type=\"section\">\n\t\t\t\t\t\t<div class=\"elementor-container elementor-column-gap-default\">\n\t\t\t\t\t<div class=\"elementor-column elementor-col-50 elementor-top-column elementor-element elementor-element-bdbb32e\" data-id=\"bdbb32e\" data-element_type=\"column\" data-e-type=\"column\">\n\t\t\t<div class=\"elementor-widget-wrap elementor-element-populated\">\n\t\t\t\t\t\t<div class=\"elementor-element elementor-element-3de785b elementor-widget elementor-widget-text-editor\" data-id=\"3de785b\" data-element_type=\"widget\" data-e-type=\"widget\" data-widget_type=\"text-editor.default\">\n\t\t\t\t<div class=\"elementor-widget-container\">\n\t\t\t\t\t\t\t\t\t<p><b>We participate in the agro-industrial industry providing of wire strands for greenhouse structures.<\/b> The EMCOAGRO wire strand is designed for use in greenhouse structures and similar agricultural applications. It is available in galvanized or aluminum-coated options and is 0 1\/8\" in diameter with a 1x7 construction. The technical specifications of this wire strand are outlined in a datasheet provided by EMCOCABLES.<\/p><p><strong>USES:<\/strong><\/p><ul><li>Greenhouses<\/li><\/ul><p><strong>TYPES OF WIRE STRANDS<\/strong><\/p><ul><li>Galvanized<\/li><li>Aluminum-coated<\/li><\/ul>\t\t\t\t\t\t\t\t<\/div>\n\t\t\t\t<\/div>\n\t\t\t\t\t<\/div>\n\t\t<\/div>\n\t\t\t\t<div class=\"elementor-column elementor-col-50 elementor-top-column elementor-element elementor-element-f407f2e\" data-id=\"f407f2e\" data-element_type=\"column\" data-e-type=\"column\">\n\t\t\t<div class=\"elementor-widget-wrap elementor-element-populated\">\n\t\t\t\t\t\t<div class=\"elementor-element elementor-element-3f04bd4 elementor-widget elementor-widget-image\" data-id=\"3f04bd4\" data-element_type=\"widget\" data-e-type=\"widget\" data-widget_type=\"image.default\">\n\t\t\t\t<div class=\"elementor-widget-container\">\n\t\t\t\t\t\t\t\t\t\t\t\t\t\t\t<img fetchpriority=\"high\" decoding=\"async\" width=\"1024\" height=\"724\" src=\"https:\/\/emcocables.co\/wp-content\/uploads\/2023\/08\/Toron-para-invernaderos-1024x724.jpg\" class=\"attachment-large size-large wp-image-6624\" alt=\"\" srcset=\"https:\/\/emcocables.co\/wp-content\/uploads\/2023\/08\/Toron-para-invernaderos-1024x724.jpg 1024w, https:\/\/emcocables.co\/wp-content\/uploads\/2023\/08\/Toron-para-invernaderos-300x212.jpg 300w, https:\/\/emcocables.co\/wp-content\/uploads\/2023\/08\/Toron-para-invernaderos-768x543.jpg 768w, https:\/\/emcocables.co\/wp-content\/uploads\/2023\/08\/Toron-para-invernaderos-1536x1086.jpg 1536w, https:\/\/emcocables.co\/wp-content\/uploads\/2023\/08\/Toron-para-invernaderos-18x12.jpg 18w, https:\/\/emcocables.co\/wp-content\/uploads\/2023\/08\/Toron-para-invernaderos.jpg 2000w\" sizes=\"(max-width: 1024px) 100vw, 1024px\" \/>\t\t\t\t\t\t\t\t\t\t\t\t\t\t\t<\/div>\n\t\t\t\t<\/div>\n\t\t\t\t\t<\/div>\n\t\t<\/div>\n\t\t\t\t\t<\/div>\n\t\t<\/section>\n\t\t\t\t<section class=\"elementor-section elementor-top-section elementor-element elementor-element-01958fe elementor-section-boxed elementor-section-height-default elementor-section-height-default\" data-id=\"01958fe\" data-element_type=\"section\" data-e-type=\"section\">\n\t\t\t\t\t\t<div class=\"elementor-container elementor-column-gap-default\">\n\t\t\t\t\t<div class=\"elementor-column elementor-col-50 elementor-top-column elementor-element elementor-element-8a02546\" data-id=\"8a02546\" data-element_type=\"column\" data-e-type=\"column\">\n\t\t\t<div class=\"elementor-widget-wrap elementor-element-populated\">\n\t\t\t\t\t\t<div class=\"elementor-element elementor-element-5a6461a elementor-align-center elementor-widget elementor-widget-button\" data-id=\"5a6461a\" data-element_type=\"widget\" data-e-type=\"widget\" data-widget_type=\"button.default\">\n\t\t\t\t<div class=\"elementor-widget-container\">\n\t\t\t\t\t\t\t\t\t<div class=\"elementor-button-wrapper\">\n\t\t\t\t\t<a class=\"elementor-button elementor-button-link elementor-size-sm\" href=\"https:\/\/emcocables.co\/wp-content\/uploads\/2023\/08\/Catalogo-agroindustrial.pdf\" target=\"_blank\">\n\t\t\t\t\t\t<span class=\"elementor-button-content-wrapper\">\n\t\t\t\t\t\t\t\t\t<span class=\"elementor-button-text\">Agro-industrial catalog<\/span>\n\t\t\t\t\t<\/span>\n\t\t\t\t\t<\/a>\n\t\t\t\t<\/div>\n\t\t\t\t\t\t\t\t<\/div>\n\t\t\t\t<\/div>\n\t\t\t\t\t<\/div>\n\t\t<\/div>\n\t\t\t\t<div class=\"elementor-column elementor-col-50 elementor-top-column elementor-element elementor-element-881a3c3\" data-id=\"881a3c3\" data-element_type=\"column\" data-e-type=\"column\">\n\t\t\t<div class=\"elementor-widget-wrap elementor-element-populated\">\n\t\t\t\t\t\t<div class=\"elementor-element elementor-element-bdd908d elementor-align-center elementor-widget elementor-widget-button\" data-id=\"bdd908d\" data-element_type=\"widget\" data-e-type=\"widget\" data-widget_type=\"button.default\">\n\t\t\t\t<div class=\"elementor-widget-container\">\n\t\t\t\t\t\t\t\t\t<div class=\"elementor-button-wrapper\">\n\t\t\t\t\t<a class=\"elementor-button elementor-button-link elementor-size-sm\" href=\"https:\/\/emcocables.co\/2022\/wp-content\/uploads\/2022\/07\/Toron-para-Agroindustrial.pdf\" target=\"_blank\">\n\t\t\t\t\t\t<span class=\"elementor-button-content-wrapper\">\n\t\t\t\t\t\t\t\t\t<span class=\"elementor-button-text\">Technical datasheet<\/span>\n\t\t\t\t\t<\/span>\n\t\t\t\t\t<\/a>\n\t\t\t\t<\/div>\n\t\t\t\t\t\t\t\t<\/div>\n\t\t\t\t<\/div>\n\t\t\t\t\t<\/div>\n\t\t<\/div>\n\t\t\t\t\t<\/div>\n\t\t<\/section>\n\t\t\t\t<\/div>","protected":false},"excerpt":{"rendered":"<p>AGROINDUSTRIAL Infraestructura El\u00e9ctrico y telecomunicaciones Agroindustrial Estamos presentes en el sector agroindustrial mediante el suministro de torones para estructuras de invernadero. EMCOCABLES\u00ae desarroll\u00f3 el tor\u00f3n EMCOAGRO\u00ae galvanizado o recubierto con aluminio, de \u00d8 1\/8\u201d 1\u00d77. Las caracter\u00edsticas f\u00edsicas y mec\u00e1nicas de este tor\u00f3n se encuentran detalladas en la ficha t\u00e9cnica APLICACIONES: Invernaderos TIPOS DE TOR\u00d3N: [&hellip;]<\/p>\n","protected":false},"author":9,"featured_media":0,"parent":60,"menu_order":0,"comment_status":"closed","ping_status":"closed","template":"elementor_header_footer","meta":{"footnotes":""},"class_list":["post-3769","page","type-page","status-publish","hentry"],"_links":{"self":[{"href":"https:\/\/emcocables.co\/en\/wp-json\/wp\/v2\/pages\/3769","targetHints":{"allow":["GET"]}}],"collection":[{"href":"https:\/\/emcocables.co\/en\/wp-json\/wp\/v2\/pages"}],"about":[{"href":"https:\/\/emcocables.co\/en\/wp-json\/wp\/v2\/types\/page"}],"author":[{"embeddable":true,"href":"https:\/\/emcocables.co\/en\/wp-json\/wp\/v2\/users\/9"}],"replies":[{"embeddable":true,"href":"https:\/\/emcocables.co\/en\/wp-json\/wp\/v2\/comments?post=3769"}],"version-history":[{"count":85,"href":"https:\/\/emcocables.co\/en\/wp-json\/wp\/v2\/pages\/3769\/revisions"}],"predecessor-version":[{"id":7142,"href":"https:\/\/emcocables.co\/en\/wp-json\/wp\/v2\/pages\/3769\/revisions\/7142"}],"up":[{"embeddable":true,"href":"https:\/\/emcocables.co\/en\/wp-json\/wp\/v2\/pages\/60"}],"wp:attachment":[{"href":"https:\/\/emcocables.co\/en\/wp-json\/wp\/v2\/media?parent=3769"}],"curies":[{"name":"wp","href":"https:\/\/api.w.org\/{rel}","templated":true}]}}