{"id":5912,"date":"2023-02-23T10:19:11","date_gmt":"2023-02-23T15:19:11","guid":{"rendered":"http:\/\/emcocables.co\/?page_id=5912"},"modified":"2023-02-23T10:31:59","modified_gmt":"2023-02-23T15:31:59","slug":"ecuador-guayas-petrolero","status":"publish","type":"page","link":"https:\/\/emcocables.co\/en\/ecuador-guayas-petrolero\/","title":{"rendered":"Ecuador petrolero"},"content":{"rendered":"\t\t<div data-elementor-type=\"wp-page\" data-elementor-id=\"5912\" class=\"elementor elementor-5912\" data-elementor-post-type=\"page\">\n\t\t\t\t\t\t<section class=\"elementor-section elementor-top-section elementor-element elementor-element-81e8db6 elementor-section-boxed elementor-section-height-default elementor-section-height-default\" data-id=\"81e8db6\" data-element_type=\"section\" data-e-type=\"section\">\n\t\t\t\t\t\t<div class=\"elementor-container elementor-column-gap-default\">\n\t\t\t\t\t<div class=\"elementor-column elementor-col-100 elementor-top-column elementor-element elementor-element-c017c72\" data-id=\"c017c72\" data-element_type=\"column\" data-e-type=\"column\">\n\t\t\t<div class=\"elementor-widget-wrap\">\n\t\t\t\t\t\t\t<\/div>\n\t\t<\/div>\n\t\t\t\t\t<\/div>\n\t\t<\/section>\n\t\t\t\t<section class=\"elementor-section elementor-top-section elementor-element elementor-element-5c6b368 elementor-section-boxed elementor-section-height-default elementor-section-height-default\" data-id=\"5c6b368\" data-element_type=\"section\" data-e-type=\"section\" data-settings=\"{&quot;background_background&quot;:&quot;slideshow&quot;,&quot;background_slideshow_gallery&quot;:[{&quot;id&quot;:3995,&quot;url&quot;:&quot;https:\\\/\\\/emcocables.co\\\/wp-content\\\/uploads\\\/2022\\\/06\\\/oil-gas.jpg&quot;}],&quot;background_slideshow_slide_transition&quot;:&quot;slide_down&quot;,&quot;background_slideshow_loop&quot;:&quot;yes&quot;,&quot;background_slideshow_slide_duration&quot;:5000,&quot;background_slideshow_transition_duration&quot;:500}\">\n\t\t\t\t\t\t<div class=\"elementor-container elementor-column-gap-default\">\n\t\t\t\t\t<div class=\"elementor-column elementor-col-100 elementor-top-column elementor-element elementor-element-ece22fd\" data-id=\"ece22fd\" data-element_type=\"column\" data-e-type=\"column\">\n\t\t\t<div class=\"elementor-widget-wrap elementor-element-populated\">\n\t\t\t\t\t\t<div class=\"elementor-element elementor-element-f1773e4 elementor-widget elementor-widget-spacer\" data-id=\"f1773e4\" data-element_type=\"widget\" data-e-type=\"widget\" data-widget_type=\"spacer.default\">\n\t\t\t\t<div class=\"elementor-widget-container\">\n\t\t\t\t\t\t\t<div class=\"elementor-spacer\">\n\t\t\t<div class=\"elementor-spacer-inner\"><\/div>\n\t\t<\/div>\n\t\t\t\t\t\t<\/div>\n\t\t\t\t<\/div>\n\t\t\t\t<div class=\"elementor-element elementor-element-7682ad3 elementor-widget elementor-widget-heading\" data-id=\"7682ad3\" data-element_type=\"widget\" data-e-type=\"widget\" data-widget_type=\"heading.default\">\n\t\t\t\t<div class=\"elementor-widget-container\">\n\t\t\t\t\t<h1 class=\"elementor-heading-title elementor-size-default\">GUAYAS PARA \nPETR\u00d3LEO<\/h1>\t\t\t\t<\/div>\n\t\t\t\t<\/div>\n\t\t\t\t<div class=\"elementor-element elementor-element-f5d7488 elementor-widget elementor-widget-spacer\" data-id=\"f5d7488\" data-element_type=\"widget\" data-e-type=\"widget\" data-widget_type=\"spacer.default\">\n\t\t\t\t<div class=\"elementor-widget-container\">\n\t\t\t\t\t\t\t<div class=\"elementor-spacer\">\n\t\t\t<div class=\"elementor-spacer-inner\"><\/div>\n\t\t<\/div>\n\t\t\t\t\t\t<\/div>\n\t\t\t\t<\/div>\n\t\t\t\t\t<\/div>\n\t\t<\/div>\n\t\t\t\t\t<\/div>\n\t\t<\/section>\n\t\t\t\t<section class=\"elementor-section elementor-top-section elementor-element elementor-element-2586c49 elementor-section-boxed elementor-section-height-default elementor-section-height-default\" data-id=\"2586c49\" data-element_type=\"section\" data-e-type=\"section\">\n\t\t\t\t\t\t<div class=\"elementor-container elementor-column-gap-default\">\n\t\t\t\t\t<div class=\"elementor-column elementor-col-50 elementor-top-column elementor-element elementor-element-1f66d7b\" data-id=\"1f66d7b\" data-element_type=\"column\" data-e-type=\"column\">\n\t\t\t<div class=\"elementor-widget-wrap elementor-element-populated\">\n\t\t\t\t\t\t<div class=\"elementor-element elementor-element-c114299 elementor-widget elementor-widget-text-editor\" data-id=\"c114299\" data-element_type=\"widget\" data-e-type=\"widget\" data-widget_type=\"text-editor.default\">\n\t\t\t\t<div class=\"elementor-widget-container\">\n\t\t\t\t\t\t\t\t\t<p><b>Los equipos empleados en la industria petrolera y gas natural exigen cables de acero de alto desempe\u00f1o<\/b>.<\/p><p>Nuestros productos son fabricados bajo estrictos controles de calidad durante cada una de las etapas del proceso con el fin de asegurar el cumplimiento de las especificaciones t\u00e9cnicas exigidas en el est\u00e1ndar Internacional API 9A<\/p>\t\t\t\t\t\t\t\t<\/div>\n\t\t\t\t<\/div>\n\t\t\t\t<div class=\"elementor-element elementor-element-23be685 elementor-widget elementor-widget-text-editor\" data-id=\"23be685\" data-element_type=\"widget\" data-e-type=\"widget\" data-widget_type=\"text-editor.default\">\n\t\t\t\t<div class=\"elementor-widget-container\">\n\t\t\t\t\t\t\t\t\t<p><strong>APLICACIONES:<\/strong><\/p><ul><li>L\u00edneas de tuber\u00edas<\/li><li>L\u00edneas de perforaci\u00f3n rotatoria y por percusi\u00f3n<\/li><li>L\u00edneas de unidades de bombeo<\/li><li>L\u00edneas de torpedo<\/li><li>L\u00edneas de elevaci\u00f3n de m\u00e1stil<\/li><li>L\u00edneas de tensor gu\u00eda<\/li><li>L\u00edneas de tensor de elevaci\u00f3n<\/li><li>L\u00edneas de amarre y anclaje.<\/li><li>Eslingas<\/li><li>Cables para winches\u00a0<\/li><li>Drilling lines<\/li><\/ul>\t\t\t\t\t\t\t\t<\/div>\n\t\t\t\t<\/div>\n\t\t\t\t\t<\/div>\n\t\t<\/div>\n\t\t\t\t<div class=\"elementor-column elementor-col-50 elementor-top-column elementor-element elementor-element-dea2f48\" data-id=\"dea2f48\" data-element_type=\"column\" data-e-type=\"column\">\n\t\t\t<div class=\"elementor-widget-wrap elementor-element-populated\">\n\t\t\t\t\t\t<div class=\"elementor-element elementor-element-7116fcc elementor-widget elementor-widget-heading\" data-id=\"7116fcc\" data-element_type=\"widget\" data-e-type=\"widget\" data-widget_type=\"heading.default\">\n\t\t\t\t<div class=\"elementor-widget-container\">\n\t\t\t\t\t<h2 class=\"elementor-heading-title elementor-size-default\">DESCARGA NUESTRO CAT\u00c1LOGO AQU\u00cd<\/h2>\t\t\t\t<\/div>\n\t\t\t\t<\/div>\n\t\t\t\t<div class=\"elementor-element elementor-element-0488dbd elementor-widget elementor-widget-shortcode\" data-id=\"0488dbd\" data-element_type=\"widget\" data-e-type=\"widget\" data-widget_type=\"shortcode.default\">\n\t\t\t\t<div class=\"elementor-widget-container\">\n\t\t\t\t\t\t\t<div class=\"elementor-shortcode\">[wpforms id=\"5917\"]<\/div>\n\t\t\t\t\t\t<\/div>\n\t\t\t\t<\/div>\n\t\t\t\t\t<\/div>\n\t\t<\/div>\n\t\t\t\t\t<\/div>\n\t\t<\/section>\n\t\t\t\t<section class=\"elementor-section elementor-top-section elementor-element elementor-element-e31e124 elementor-section-boxed elementor-section-height-default elementor-section-height-default\" data-id=\"e31e124\" data-element_type=\"section\" data-e-type=\"section\">\n\t\t\t\t\t\t<div class=\"elementor-container elementor-column-gap-default\">\n\t\t\t\t\t<div class=\"elementor-column elementor-col-100 elementor-top-column elementor-element elementor-element-4d4d9d1\" data-id=\"4d4d9d1\" data-element_type=\"column\" data-e-type=\"column\">\n\t\t\t<div class=\"elementor-widget-wrap elementor-element-populated\">\n\t\t\t\t\t\t<div class=\"elementor-element elementor-element-54bfe3a elementor-widget elementor-widget-heading\" data-id=\"54bfe3a\" data-element_type=\"widget\" data-e-type=\"widget\" data-widget_type=\"heading.default\">\n\t\t\t\t<div class=\"elementor-widget-container\">\n\t\t\t\t\t<h2 class=\"elementor-heading-title elementor-size-default\">OTROS SECTORES DE APLICACI\u00d3N<\/h2>\t\t\t\t<\/div>\n\t\t\t\t<\/div>\n\t\t\t\t\t<\/div>\n\t\t<\/div>\n\t\t\t\t\t<\/div>\n\t\t<\/section>\n\t\t\t\t<section class=\"elementor-section elementor-top-section elementor-element elementor-element-71ac3f7 elementor-section-boxed elementor-section-height-default elementor-section-height-default\" data-id=\"71ac3f7\" data-element_type=\"section\" data-e-type=\"section\">\n\t\t\t\t\t\t<div class=\"elementor-container elementor-column-gap-default\">\n\t\t\t\t\t<div class=\"elementor-column elementor-col-12 elementor-top-column elementor-element elementor-element-b02e731\" data-id=\"b02e731\" data-element_type=\"column\" data-e-type=\"column\">\n\t\t\t<div class=\"elementor-widget-wrap elementor-element-populated\">\n\t\t\t\t\t\t<div class=\"elementor-element elementor-element-5ee030b elementor-widget elementor-widget-image\" data-id=\"5ee030b\" data-element_type=\"widget\" data-e-type=\"widget\" data-widget_type=\"image.default\">\n\t\t\t\t<div class=\"elementor-widget-container\">\n\t\t\t\t\t\t\t\t\t\t\t\t\t\t\t<img fetchpriority=\"high\" decoding=\"async\" width=\"1024\" height=\"1024\" src=\"https:\/\/emcocables.co\/wp-content\/uploads\/2022\/12\/20-1024x1024.jpg\" class=\"attachment-large size-large wp-image-5493\" alt=\"\" srcset=\"https:\/\/emcocables.co\/wp-content\/uploads\/2022\/12\/20-1024x1024.jpg 1024w, https:\/\/emcocables.co\/wp-content\/uploads\/2022\/12\/20-300x300.jpg 300w, https:\/\/emcocables.co\/wp-content\/uploads\/2022\/12\/20-150x150.jpg 150w, https:\/\/emcocables.co\/wp-content\/uploads\/2022\/12\/20-768x768.jpg 768w, https:\/\/emcocables.co\/wp-content\/uploads\/2022\/12\/20.jpg 1080w\" sizes=\"(max-width: 1024px) 100vw, 1024px\" \/>\t\t\t\t\t\t\t\t\t\t\t\t\t\t\t<\/div>\n\t\t\t\t<\/div>\n\t\t\t\t\t<\/div>\n\t\t<\/div>\n\t\t\t\t<div class=\"elementor-column elementor-col-12 elementor-top-column elementor-element elementor-element-58364d9\" data-id=\"58364d9\" data-element_type=\"column\" data-e-type=\"column\">\n\t\t\t<div class=\"elementor-widget-wrap elementor-element-populated\">\n\t\t\t\t\t\t<div class=\"elementor-element elementor-element-b138b2f elementor-widget elementor-widget-image\" data-id=\"b138b2f\" data-element_type=\"widget\" data-e-type=\"widget\" data-widget_type=\"image.default\">\n\t\t\t\t<div class=\"elementor-widget-container\">\n\t\t\t\t\t\t\t\t\t\t\t\t\t\t\t<img decoding=\"async\" width=\"1024\" height=\"1024\" src=\"https:\/\/emcocables.co\/wp-content\/uploads\/2022\/12\/15-1024x1024.jpg\" class=\"attachment-large size-large wp-image-5492\" alt=\"\" srcset=\"https:\/\/emcocables.co\/wp-content\/uploads\/2022\/12\/15-1024x1024.jpg 1024w, https:\/\/emcocables.co\/wp-content\/uploads\/2022\/12\/15-300x300.jpg 300w, https:\/\/emcocables.co\/wp-content\/uploads\/2022\/12\/15-150x150.jpg 150w, https:\/\/emcocables.co\/wp-content\/uploads\/2022\/12\/15-768x768.jpg 768w, https:\/\/emcocables.co\/wp-content\/uploads\/2022\/12\/15.jpg 1080w\" sizes=\"(max-width: 1024px) 100vw, 1024px\" \/>\t\t\t\t\t\t\t\t\t\t\t\t\t\t\t<\/div>\n\t\t\t\t<\/div>\n\t\t\t\t\t<\/div>\n\t\t<\/div>\n\t\t\t\t<div class=\"elementor-column elementor-col-12 elementor-top-column elementor-element elementor-element-e7ac788\" data-id=\"e7ac788\" data-element_type=\"column\" data-e-type=\"column\">\n\t\t\t<div class=\"elementor-widget-wrap elementor-element-populated\">\n\t\t\t\t\t\t<div class=\"elementor-element elementor-element-cbd54e1 elementor-widget elementor-widget-image\" data-id=\"cbd54e1\" data-element_type=\"widget\" data-e-type=\"widget\" data-widget_type=\"image.default\">\n\t\t\t\t<div class=\"elementor-widget-container\">\n\t\t\t\t\t\t\t\t\t\t\t\t\t\t\t<img decoding=\"async\" width=\"1024\" height=\"1024\" src=\"https:\/\/emcocables.co\/wp-content\/uploads\/2022\/12\/14-1024x1024.jpg\" class=\"attachment-large size-large wp-image-5491\" alt=\"\" srcset=\"https:\/\/emcocables.co\/wp-content\/uploads\/2022\/12\/14-1024x1024.jpg 1024w, https:\/\/emcocables.co\/wp-content\/uploads\/2022\/12\/14-300x300.jpg 300w, https:\/\/emcocables.co\/wp-content\/uploads\/2022\/12\/14-150x150.jpg 150w, https:\/\/emcocables.co\/wp-content\/uploads\/2022\/12\/14-768x768.jpg 768w, https:\/\/emcocables.co\/wp-content\/uploads\/2022\/12\/14.jpg 1080w\" sizes=\"(max-width: 1024px) 100vw, 1024px\" \/>\t\t\t\t\t\t\t\t\t\t\t\t\t\t\t<\/div>\n\t\t\t\t<\/div>\n\t\t\t\t\t<\/div>\n\t\t<\/div>\n\t\t\t\t<div class=\"elementor-column elementor-col-12 elementor-top-column elementor-element elementor-element-5e4f18c\" data-id=\"5e4f18c\" data-element_type=\"column\" data-e-type=\"column\">\n\t\t\t<div class=\"elementor-widget-wrap elementor-element-populated\">\n\t\t\t\t\t\t<div class=\"elementor-element elementor-element-3eb8cbb elementor-widget elementor-widget-image\" data-id=\"3eb8cbb\" data-element_type=\"widget\" data-e-type=\"widget\" data-widget_type=\"image.default\">\n\t\t\t\t<div class=\"elementor-widget-container\">\n\t\t\t\t\t\t\t\t\t\t\t\t\t\t\t<img loading=\"lazy\" decoding=\"async\" width=\"1024\" height=\"1024\" src=\"https:\/\/emcocables.co\/wp-content\/uploads\/2022\/12\/13-1024x1024.jpg\" class=\"attachment-large size-large wp-image-5490\" alt=\"\" srcset=\"https:\/\/emcocables.co\/wp-content\/uploads\/2022\/12\/13-1024x1024.jpg 1024w, https:\/\/emcocables.co\/wp-content\/uploads\/2022\/12\/13-300x300.jpg 300w, https:\/\/emcocables.co\/wp-content\/uploads\/2022\/12\/13-150x150.jpg 150w, https:\/\/emcocables.co\/wp-content\/uploads\/2022\/12\/13-768x768.jpg 768w, https:\/\/emcocables.co\/wp-content\/uploads\/2022\/12\/13.jpg 1080w\" sizes=\"(max-width: 1024px) 100vw, 1024px\" \/>\t\t\t\t\t\t\t\t\t\t\t\t\t\t\t<\/div>\n\t\t\t\t<\/div>\n\t\t\t\t\t<\/div>\n\t\t<\/div>\n\t\t\t\t<div class=\"elementor-column elementor-col-12 elementor-top-column elementor-element elementor-element-8cc5578\" data-id=\"8cc5578\" data-element_type=\"column\" data-e-type=\"column\">\n\t\t\t<div class=\"elementor-widget-wrap elementor-element-populated\">\n\t\t\t\t\t\t<div class=\"elementor-element elementor-element-32694fd elementor-widget elementor-widget-image\" data-id=\"32694fd\" data-element_type=\"widget\" data-e-type=\"widget\" data-widget_type=\"image.default\">\n\t\t\t\t<div class=\"elementor-widget-container\">\n\t\t\t\t\t\t\t\t\t\t\t\t\t\t\t<img loading=\"lazy\" decoding=\"async\" width=\"1024\" height=\"1024\" src=\"https:\/\/emcocables.co\/wp-content\/uploads\/2022\/12\/19-1024x1024.jpg\" class=\"attachment-large size-large wp-image-5489\" alt=\"\" srcset=\"https:\/\/emcocables.co\/wp-content\/uploads\/2022\/12\/19-1024x1024.jpg 1024w, https:\/\/emcocables.co\/wp-content\/uploads\/2022\/12\/19-300x300.jpg 300w, https:\/\/emcocables.co\/wp-content\/uploads\/2022\/12\/19-150x150.jpg 150w, https:\/\/emcocables.co\/wp-content\/uploads\/2022\/12\/19-768x768.jpg 768w, https:\/\/emcocables.co\/wp-content\/uploads\/2022\/12\/19.jpg 1080w\" sizes=\"(max-width: 1024px) 100vw, 1024px\" \/>\t\t\t\t\t\t\t\t\t\t\t\t\t\t\t<\/div>\n\t\t\t\t<\/div>\n\t\t\t\t\t<\/div>\n\t\t<\/div>\n\t\t\t\t<div class=\"elementor-column elementor-col-12 elementor-top-column elementor-element elementor-element-bd14070\" data-id=\"bd14070\" data-element_type=\"column\" data-e-type=\"column\">\n\t\t\t<div class=\"elementor-widget-wrap elementor-element-populated\">\n\t\t\t\t\t\t<div class=\"elementor-element elementor-element-75d57e5 elementor-widget elementor-widget-image\" data-id=\"75d57e5\" data-element_type=\"widget\" data-e-type=\"widget\" data-widget_type=\"image.default\">\n\t\t\t\t<div class=\"elementor-widget-container\">\n\t\t\t\t\t\t\t\t\t\t\t\t\t\t\t<img loading=\"lazy\" decoding=\"async\" width=\"1024\" height=\"1024\" src=\"https:\/\/emcocables.co\/wp-content\/uploads\/2022\/12\/18-1024x1024.jpg\" class=\"attachment-large size-large wp-image-5488\" alt=\"\" srcset=\"https:\/\/emcocables.co\/wp-content\/uploads\/2022\/12\/18-1024x1024.jpg 1024w, https:\/\/emcocables.co\/wp-content\/uploads\/2022\/12\/18-300x300.jpg 300w, https:\/\/emcocables.co\/wp-content\/uploads\/2022\/12\/18-150x150.jpg 150w, https:\/\/emcocables.co\/wp-content\/uploads\/2022\/12\/18-768x768.jpg 768w, https:\/\/emcocables.co\/wp-content\/uploads\/2022\/12\/18.jpg 1080w\" sizes=\"(max-width: 1024px) 100vw, 1024px\" \/>\t\t\t\t\t\t\t\t\t\t\t\t\t\t\t<\/div>\n\t\t\t\t<\/div>\n\t\t\t\t\t<\/div>\n\t\t<\/div>\n\t\t\t\t<div class=\"elementor-column elementor-col-12 elementor-top-column elementor-element elementor-element-d9ff304\" data-id=\"d9ff304\" data-element_type=\"column\" data-e-type=\"column\">\n\t\t\t<div class=\"elementor-widget-wrap elementor-element-populated\">\n\t\t\t\t\t\t<div class=\"elementor-element elementor-element-1ecbe89 elementor-widget elementor-widget-image\" data-id=\"1ecbe89\" data-element_type=\"widget\" data-e-type=\"widget\" data-widget_type=\"image.default\">\n\t\t\t\t<div class=\"elementor-widget-container\">\n\t\t\t\t\t\t\t\t\t\t\t\t\t\t\t<img loading=\"lazy\" decoding=\"async\" width=\"1024\" height=\"1024\" src=\"https:\/\/emcocables.co\/wp-content\/uploads\/2022\/12\/17-1024x1024.jpg\" class=\"attachment-large size-large wp-image-5487\" alt=\"\" srcset=\"https:\/\/emcocables.co\/wp-content\/uploads\/2022\/12\/17-1024x1024.jpg 1024w, https:\/\/emcocables.co\/wp-content\/uploads\/2022\/12\/17-300x300.jpg 300w, https:\/\/emcocables.co\/wp-content\/uploads\/2022\/12\/17-150x150.jpg 150w, https:\/\/emcocables.co\/wp-content\/uploads\/2022\/12\/17-768x768.jpg 768w, https:\/\/emcocables.co\/wp-content\/uploads\/2022\/12\/17.jpg 1080w\" sizes=\"(max-width: 1024px) 100vw, 1024px\" \/>\t\t\t\t\t\t\t\t\t\t\t\t\t\t\t<\/div>\n\t\t\t\t<\/div>\n\t\t\t\t\t<\/div>\n\t\t<\/div>\n\t\t\t\t<div class=\"elementor-column elementor-col-12 elementor-top-column elementor-element elementor-element-76ad3b3\" data-id=\"76ad3b3\" data-element_type=\"column\" data-e-type=\"column\">\n\t\t\t<div class=\"elementor-widget-wrap elementor-element-populated\">\n\t\t\t\t\t\t<div class=\"elementor-element elementor-element-1a660f3 elementor-widget elementor-widget-image\" data-id=\"1a660f3\" data-element_type=\"widget\" data-e-type=\"widget\" data-widget_type=\"image.default\">\n\t\t\t\t<div class=\"elementor-widget-container\">\n\t\t\t\t\t\t\t\t\t\t\t\t\t\t\t<img loading=\"lazy\" decoding=\"async\" width=\"1024\" height=\"1024\" src=\"https:\/\/emcocables.co\/wp-content\/uploads\/2022\/12\/16-1024x1024.jpg\" class=\"attachment-large size-large wp-image-5486\" alt=\"\" srcset=\"https:\/\/emcocables.co\/wp-content\/uploads\/2022\/12\/16-1024x1024.jpg 1024w, https:\/\/emcocables.co\/wp-content\/uploads\/2022\/12\/16-300x300.jpg 300w, https:\/\/emcocables.co\/wp-content\/uploads\/2022\/12\/16-150x150.jpg 150w, https:\/\/emcocables.co\/wp-content\/uploads\/2022\/12\/16-768x768.jpg 768w, https:\/\/emcocables.co\/wp-content\/uploads\/2022\/12\/16.jpg 1080w\" sizes=\"(max-width: 1024px) 100vw, 1024px\" \/>\t\t\t\t\t\t\t\t\t\t\t\t\t\t\t<\/div>\n\t\t\t\t<\/div>\n\t\t\t\t\t<\/div>\n\t\t<\/div>\n\t\t\t\t\t<\/div>\n\t\t<\/section>\n\t\t\t\t<section class=\"elementor-section elementor-top-section elementor-element elementor-element-01d1a79 elementor-section-boxed elementor-section-height-default elementor-section-height-default\" data-id=\"01d1a79\" data-element_type=\"section\" data-e-type=\"section\">\n\t\t\t\t\t\t<div class=\"elementor-container elementor-column-gap-default\">\n\t\t\t\t\t<div class=\"elementor-column elementor-col-100 elementor-top-column elementor-element elementor-element-d4221f5\" data-id=\"d4221f5\" data-element_type=\"column\" data-e-type=\"column\">\n\t\t\t<div class=\"elementor-widget-wrap elementor-element-populated\">\n\t\t\t\t\t\t<div class=\"elementor-element elementor-element-03484de elementor-widget elementor-widget-text-editor\" data-id=\"03484de\" data-element_type=\"widget\" data-e-type=\"widget\" data-widget_type=\"text-editor.default\">\n\t\t\t\t<div class=\"elementor-widget-container\">\n\t\t\t\t\t\t\t\t\t<p>Nuestros productos son fabricados bajo estrictos controles de calidad durante cada una de las etapas del proceso con el fin de asegurar el cumplimiento de las especificaciones t\u00e9cnicas exigidas en el est\u00e1ndar internacional y nacional; ofrecemos cables brillantes, recubiertos con aluminio y galvanizados.<\/p><p>Los cables de acero son utilizados para uso en general y en diferentes aplicaciones, como: telef\u00e9ricos, en la industria minera, cables a\u00e9reos, construcci\u00f3n de puentes, pretensado, fabricaci\u00f3n de postes en concreto, en la industria maderera, gr\u00faas, puente gr\u00faas (izaje), invernaderos, cercas el\u00e9ctricas, pesca, puesta a tierra, torones mensajeros, n\u00facleos para conductores ACSR\/AS (AW), resortes industriales, entre otros.<\/p>\t\t\t\t\t\t\t\t<\/div>\n\t\t\t\t<\/div>\n\t\t\t\t\t<\/div>\n\t\t<\/div>\n\t\t\t\t\t<\/div>\n\t\t<\/section>\n\t\t\t\t<section class=\"elementor-section elementor-top-section elementor-element elementor-element-e2d15ed elementor-section-boxed elementor-section-height-default elementor-section-height-default\" data-id=\"e2d15ed\" data-element_type=\"section\" data-e-type=\"section\">\n\t\t\t\t\t\t<div class=\"elementor-container elementor-column-gap-default\">\n\t\t\t\t\t<div class=\"elementor-column elementor-col-100 elementor-top-column elementor-element elementor-element-38a08ec\" data-id=\"38a08ec\" data-element_type=\"column\" data-e-type=\"column\">\n\t\t\t<div class=\"elementor-widget-wrap elementor-element-populated\">\n\t\t\t\t\t\t<div class=\"elementor-element elementor-element-7ad010a elementor-align-center elementor-widget elementor-widget-button\" data-id=\"7ad010a\" data-element_type=\"widget\" data-e-type=\"widget\" data-widget_type=\"button.default\">\n\t\t\t\t<div class=\"elementor-widget-container\">\n\t\t\t\t\t\t\t\t\t<div class=\"elementor-button-wrapper\">\n\t\t\t\t\t<a class=\"elementor-button elementor-button-link elementor-size-sm\" href=\"https:\/\/emcocables.co\/\">\n\t\t\t\t\t\t<span class=\"elementor-button-content-wrapper\">\n\t\t\t\t\t\t\t\t\t<span class=\"elementor-button-text\">Conoce m\u00e1s de Emcocables<\/span>\n\t\t\t\t\t<\/span>\n\t\t\t\t\t<\/a>\n\t\t\t\t<\/div>\n\t\t\t\t\t\t\t\t<\/div>\n\t\t\t\t<\/div>\n\t\t\t\t\t<\/div>\n\t\t<\/div>\n\t\t\t\t\t<\/div>\n\t\t<\/section>\n\t\t\t\t<\/div>\n\t\t","protected":false},"excerpt":{"rendered":"<p>GUAYAS PARA PETR\u00d3LEO Los equipos empleados en la industria petrolera y gas natural exigen cables de acero de alto desempe\u00f1o. Nuestros productos son fabricados bajo estrictos controles de calidad durante cada una de las etapas del proceso con el fin de asegurar el cumplimiento de las especificaciones t\u00e9cnicas exigidas en el est\u00e1ndar Internacional API 9A [&hellip;]<\/p>\n","protected":false},"author":9,"featured_media":0,"parent":0,"menu_order":0,"comment_status":"closed","ping_status":"closed","template":"elementor_canvas","meta":{"footnotes":""},"class_list":["post-5912","page","type-page","status-publish","hentry"],"_links":{"self":[{"href":"https:\/\/emcocables.co\/en\/wp-json\/wp\/v2\/pages\/5912","targetHints":{"allow":["GET"]}}],"collection":[{"href":"https:\/\/emcocables.co\/en\/wp-json\/wp\/v2\/pages"}],"about":[{"href":"https:\/\/emcocables.co\/en\/wp-json\/wp\/v2\/types\/page"}],"author":[{"embeddable":true,"href":"https:\/\/emcocables.co\/en\/wp-json\/wp\/v2\/users\/9"}],"replies":[{"embeddable":true,"href":"https:\/\/emcocables.co\/en\/wp-json\/wp\/v2\/comments?post=5912"}],"version-history":[{"count":10,"href":"https:\/\/emcocables.co\/en\/wp-json\/wp\/v2\/pages\/5912\/revisions"}],"predecessor-version":[{"id":5926,"href":"https:\/\/emcocables.co\/en\/wp-json\/wp\/v2\/pages\/5912\/revisions\/5926"}],"wp:attachment":[{"href":"https:\/\/emcocables.co\/en\/wp-json\/wp\/v2\/media?parent=5912"}],"curies":[{"name":"wp","href":"https:\/\/api.w.org\/{rel}","templated":true}]}}