{"id":62,"date":"2022-01-24T15:33:52","date_gmt":"2022-01-24T15:33:52","guid":{"rendered":"http:\/\/emcocables.co\/?page_id=62"},"modified":"2024-06-13T11:34:27","modified_gmt":"2024-06-13T16:34:27","slug":"infraestructura-y-construccion","status":"publish","type":"page","link":"https:\/\/emcocables.co\/en\/productos\/torones\/infraestructura-y-construccion\/","title":{"rendered":"Infraestructura y Construcci\u00f3n"},"content":{"rendered":"<div data-elementor-type=\"wp-page\" data-elementor-id=\"62\" class=\"elementor elementor-62\" data-elementor-post-type=\"page\">\n\t\t\t\t\t\t<section class=\"elementor-section elementor-top-section elementor-element elementor-element-1c91b82 elementor-section-full_width elementor-section-height-default elementor-section-height-default\" data-id=\"1c91b82\" data-element_type=\"section\" data-e-type=\"section\" data-settings=\"{&quot;background_background&quot;:&quot;classic&quot;}\">\n\t\t\t\t\t\t\t<div class=\"elementor-background-overlay\"><\/div>\n\t\t\t\t\t\t\t<div class=\"elementor-container elementor-column-gap-no\">\n\t\t\t\t\t<div class=\"elementor-column elementor-col-100 elementor-top-column elementor-element elementor-element-261ce2e\" data-id=\"261ce2e\" data-element_type=\"column\" data-e-type=\"column\" data-settings=\"{&quot;background_background&quot;:&quot;classic&quot;}\">\n\t\t\t<div class=\"elementor-widget-wrap elementor-element-populated\">\n\t\t\t\t\t\t<div class=\"elementor-element elementor-element-64ebeeb elementor-widget elementor-widget-heading\" data-id=\"64ebeeb\" data-element_type=\"widget\" data-e-type=\"widget\" data-widget_type=\"heading.default\">\n\t\t\t\t<div class=\"elementor-widget-container\">\n\t\t\t\t\t<h2 class=\"elementor-heading-title elementor-size-default\">CIVIL INFRASTRUCTURE<\/h2>\t\t\t\t<\/div>\n\t\t\t\t<\/div>\n\t\t\t\t\t<\/div>\n\t\t<\/div>\n\t\t\t\t\t<\/div>\n\t\t<\/section>\n\t\t\t\t<section class=\"elementor-section elementor-top-section elementor-element elementor-element-b7b1a12 elementor-section-boxed elementor-section-height-default elementor-section-height-default\" data-id=\"b7b1a12\" data-element_type=\"section\" data-e-type=\"section\">\n\t\t\t\t\t\t<div class=\"elementor-container elementor-column-gap-default\">\n\t\t\t\t\t<nav class=\"elementor-column elementor-col-33 elementor-top-column elementor-element elementor-element-0bc9d18\" data-id=\"0bc9d18\" data-element_type=\"column\" data-e-type=\"column\" data-settings=\"{&quot;background_background&quot;:&quot;classic&quot;,&quot;background_motion_fx_motion_fx_mouse&quot;:&quot;yes&quot;}\">\n\t\t\t<div class=\"elementor-widget-wrap elementor-element-populated\">\n\t\t\t\t\t\t<div class=\"elementor-element elementor-element-7038479 elementor-widget elementor-widget-heading\" data-id=\"7038479\" data-element_type=\"widget\" data-e-type=\"widget\" data-widget_type=\"heading.default\">\n\t\t\t\t<div class=\"elementor-widget-container\">\n\t\t\t\t\t<h6 class=\"elementor-heading-title elementor-size-default\">Civil Infrastructure<\/h6>\t\t\t\t<\/div>\n\t\t\t\t<\/div>\n\t\t\t\t\t<\/div>\n\t\t<\/nav>\n\t\t\t\t<nav class=\"elementor-column elementor-col-33 elementor-top-column elementor-element elementor-element-05663ef\" data-id=\"05663ef\" data-element_type=\"column\" data-e-type=\"column\" data-settings=\"{&quot;background_background&quot;:&quot;classic&quot;,&quot;background_motion_fx_motion_fx_mouse&quot;:&quot;yes&quot;}\">\n\t\t\t<div class=\"elementor-widget-wrap elementor-element-populated\">\n\t\t\t\t\t\t<div class=\"elementor-element elementor-element-034ccae elementor-widget elementor-widget-heading\" data-id=\"034ccae\" data-element_type=\"widget\" data-e-type=\"widget\" data-widget_type=\"heading.default\">\n\t\t\t\t<div class=\"elementor-widget-container\">\n\t\t\t\t\t<h6 class=\"elementor-heading-title elementor-size-default\"><a href=\"https:\/\/emcocables.co\/en\/productos\/torones\/electrico-y-telecomunicaciones\/%20\/\">Electrical and Communications\n<\/a><\/h6>\t\t\t\t<\/div>\n\t\t\t\t<\/div>\n\t\t\t\t\t<\/div>\n\t\t<\/nav>\n\t\t\t\t<nav class=\"elementor-column elementor-col-33 elementor-top-column elementor-element elementor-element-ab03f35\" data-id=\"ab03f35\" data-element_type=\"column\" data-e-type=\"column\" data-settings=\"{&quot;background_background&quot;:&quot;classic&quot;,&quot;background_motion_fx_motion_fx_mouse&quot;:&quot;yes&quot;}\">\n\t\t\t<div class=\"elementor-widget-wrap elementor-element-populated\">\n\t\t\t\t\t\t<div class=\"elementor-element elementor-element-9cccb06 elementor-widget elementor-widget-heading\" data-id=\"9cccb06\" data-element_type=\"widget\" data-e-type=\"widget\" data-widget_type=\"heading.default\">\n\t\t\t\t<div class=\"elementor-widget-container\">\n\t\t\t\t\t<h6 class=\"elementor-heading-title elementor-size-default\"><a href=\"https:\/\/emcocables.co\/en\/productos\/torones\/agroindustrial-2\/\">Agro-Industrial\n<\/a><\/h6>\t\t\t\t<\/div>\n\t\t\t\t<\/div>\n\t\t\t\t\t<\/div>\n\t\t<\/nav>\n\t\t\t\t\t<\/div>\n\t\t<\/section>\n\t\t\t\t<section class=\"elementor-section elementor-top-section elementor-element elementor-element-69ae029 elementor-section-boxed elementor-section-height-default elementor-section-height-default\" data-id=\"69ae029\" data-element_type=\"section\" data-e-type=\"section\">\n\t\t\t\t\t\t<div class=\"elementor-container elementor-column-gap-default\">\n\t\t\t\t\t<div class=\"elementor-column elementor-col-50 elementor-top-column elementor-element elementor-element-bdbb32e\" data-id=\"bdbb32e\" data-element_type=\"column\" data-e-type=\"column\">\n\t\t\t<div class=\"elementor-widget-wrap elementor-element-populated\">\n\t\t\t\t\t\t<div class=\"elementor-element elementor-element-3de785b elementor-widget elementor-widget-text-editor\" data-id=\"3de785b\" data-element_type=\"widget\" data-e-type=\"widget\" data-widget_type=\"text-editor.default\">\n\t\t\t\t<div class=\"elementor-widget-container\">\n\t\t\t\t\t\t\t\t\t<p><b>Wire strands are usually produced by a core wire and six outside wires coiled helicoidally over such core,<\/b>these wire strands are produced according to the needs, uses defined by the client under national and international standards, offering quality and safety.<\/p><p><strong>USES:<\/strong><\/p><ul><li>Prebuilt poles<\/li><li>Concrete bridges<\/li><li>Buildings<\/li><li>Slope contention<\/li><li>Train beams<\/li><li>Civil structures<\/li><\/ul><p><strong>TYPES OF WIRE STRANDS<\/strong><\/p><ul><li>Glossy<\/li><li>Galvanized<\/li><li>High-density polyethylene (HDPE)<\/li><\/ul>\t\t\t\t\t\t\t\t<\/div>\n\t\t\t\t<\/div>\n\t\t\t\t\t<\/div>\n\t\t<\/div>\n\t\t\t\t<div class=\"elementor-column elementor-col-50 elementor-top-column elementor-element elementor-element-f407f2e\" data-id=\"f407f2e\" data-element_type=\"column\" data-e-type=\"column\">\n\t\t\t<div class=\"elementor-widget-wrap elementor-element-populated\">\n\t\t\t\t\t\t<div class=\"elementor-element elementor-element-3f04bd4 elementor-widget elementor-widget-image\" data-id=\"3f04bd4\" data-element_type=\"widget\" data-e-type=\"widget\" data-widget_type=\"image.default\">\n\t\t\t\t<div class=\"elementor-widget-container\">\n\t\t\t\t\t\t\t\t\t\t\t\t\t\t\t<img fetchpriority=\"high\" decoding=\"async\" width=\"833\" height=\"625\" src=\"https:\/\/emcocables.co\/wp-content\/uploads\/2022\/02\/FOTOS-EMCOCABLES_page125_image118.jpg\" class=\"attachment-large size-large wp-image-1313\" alt=\"PUENTE SOBRE EL R\u00cdO MAGDALENA (PUERTO BERRI\u00d3 \u2013 ANTIOQUIA) Torones para concreto Preesforzado Norma ASTM A 416\" srcset=\"https:\/\/emcocables.co\/wp-content\/uploads\/2022\/02\/FOTOS-EMCOCABLES_page125_image118.jpg 833w, https:\/\/emcocables.co\/wp-content\/uploads\/2022\/02\/FOTOS-EMCOCABLES_page125_image118-300x225.jpg 300w, https:\/\/emcocables.co\/wp-content\/uploads\/2022\/02\/FOTOS-EMCOCABLES_page125_image118-768x576.jpg 768w\" sizes=\"(max-width: 833px) 100vw, 833px\" \/>\t\t\t\t\t\t\t\t\t\t\t\t\t\t\t<\/div>\n\t\t\t\t<\/div>\n\t\t\t\t\t<\/div>\n\t\t<\/div>\n\t\t\t\t\t<\/div>\n\t\t<\/section>\n\t\t\t\t<section class=\"elementor-section elementor-top-section elementor-element elementor-element-01958fe elementor-section-boxed elementor-section-height-default elementor-section-height-default\" data-id=\"01958fe\" data-element_type=\"section\" data-e-type=\"section\">\n\t\t\t\t\t\t<div class=\"elementor-container elementor-column-gap-default\">\n\t\t\t\t\t<div class=\"elementor-column elementor-col-50 elementor-top-column elementor-element elementor-element-8a02546\" data-id=\"8a02546\" data-element_type=\"column\" data-e-type=\"column\">\n\t\t\t<div class=\"elementor-widget-wrap elementor-element-populated\">\n\t\t\t\t\t\t<div class=\"elementor-element elementor-element-5a6461a elementor-align-center elementor-widget elementor-widget-button\" data-id=\"5a6461a\" data-element_type=\"widget\" data-e-type=\"widget\" data-widget_type=\"button.default\">\n\t\t\t\t<div class=\"elementor-widget-container\">\n\t\t\t\t\t\t\t\t\t<div class=\"elementor-button-wrapper\">\n\t\t\t\t\t<a class=\"elementor-button elementor-button-link elementor-size-sm\" href=\"https:\/\/emcocables.co\/wp-content\/uploads\/2023\/08\/Catalogo-infraestructura-2022.pdf\" target=\"_blank\">\n\t\t\t\t\t\t<span class=\"elementor-button-content-wrapper\">\n\t\t\t\t\t\t\t\t\t<span class=\"elementor-button-text\">Infrastructure and construction catalog<\/span>\n\t\t\t\t\t<\/span>\n\t\t\t\t\t<\/a>\n\t\t\t\t<\/div>\n\t\t\t\t\t\t\t\t<\/div>\n\t\t\t\t<\/div>\n\t\t\t\t\t<\/div>\n\t\t<\/div>\n\t\t\t\t<div class=\"elementor-column elementor-col-50 elementor-top-column elementor-element elementor-element-bbd7ea2\" data-id=\"bbd7ea2\" data-element_type=\"column\" data-e-type=\"column\">\n\t\t\t<div class=\"elementor-widget-wrap elementor-element-populated\">\n\t\t\t\t\t\t<div class=\"elementor-element elementor-element-e6d3eb4 elementor-align-center elementor-widget elementor-widget-button\" data-id=\"e6d3eb4\" data-element_type=\"widget\" data-e-type=\"widget\" data-widget_type=\"button.default\">\n\t\t\t\t<div class=\"elementor-widget-container\">\n\t\t\t\t\t\t\t\t\t<div class=\"elementor-button-wrapper\">\n\t\t\t\t\t<a class=\"elementor-button elementor-button-link elementor-size-sm\" href=\"https:\/\/emcocables.co\/wp-content\/uploads\/2024\/06\/Toron-para-infraestructura.pdf\" target=\"_blank\">\n\t\t\t\t\t\t<span class=\"elementor-button-content-wrapper\">\n\t\t\t\t\t\t\t\t\t<span class=\"elementor-button-text\">Technical datasheet<\/span>\n\t\t\t\t\t<\/span>\n\t\t\t\t\t<\/a>\n\t\t\t\t<\/div>\n\t\t\t\t\t\t\t\t<\/div>\n\t\t\t\t<\/div>\n\t\t\t\t\t<\/div>\n\t\t<\/div>\n\t\t\t\t\t<\/div>\n\t\t<\/section>\n\t\t\t\t<\/div>","protected":false},"excerpt":{"rendered":"<p>INFRAESTRUCTURA Infraestructura El\u00e9ctrico y telecomunicaciones Agroindustrial Los torones que fabrica Emcocables para estructuras postendazas y pretensadas, est\u00e1n constituidos por un alambre central y seis alambres 1&#215;7 exteriores enrollados helicoidalmente sobre dicho n\u00facleo, estos torones se producen seg\u00fan las necesidades, aplicaciones definidas por el cliente y bajo las normas nacionales e internacionales, ofreciendo calidad y seguridad. [&hellip;]<\/p>\n","protected":false},"author":9,"featured_media":0,"parent":60,"menu_order":0,"comment_status":"closed","ping_status":"closed","template":"elementor_header_footer","meta":{"footnotes":""},"class_list":["post-62","page","type-page","status-publish","hentry"],"_links":{"self":[{"href":"https:\/\/emcocables.co\/en\/wp-json\/wp\/v2\/pages\/62","targetHints":{"allow":["GET"]}}],"collection":[{"href":"https:\/\/emcocables.co\/en\/wp-json\/wp\/v2\/pages"}],"about":[{"href":"https:\/\/emcocables.co\/en\/wp-json\/wp\/v2\/types\/page"}],"author":[{"embeddable":true,"href":"https:\/\/emcocables.co\/en\/wp-json\/wp\/v2\/users\/9"}],"replies":[{"embeddable":true,"href":"https:\/\/emcocables.co\/en\/wp-json\/wp\/v2\/comments?post=62"}],"version-history":[{"count":189,"href":"https:\/\/emcocables.co\/en\/wp-json\/wp\/v2\/pages\/62\/revisions"}],"predecessor-version":[{"id":7911,"href":"https:\/\/emcocables.co\/en\/wp-json\/wp\/v2\/pages\/62\/revisions\/7911"}],"up":[{"embeddable":true,"href":"https:\/\/emcocables.co\/en\/wp-json\/wp\/v2\/pages\/60"}],"wp:attachment":[{"href":"https:\/\/emcocables.co\/en\/wp-json\/wp\/v2\/media?parent=62"}],"curies":[{"name":"wp","href":"https:\/\/api.w.org\/{rel}","templated":true}]}}